{"id":4499,"date":"2010-02-01T22:48:59","date_gmt":"2010-02-01T21:48:59","guid":{"rendered":"http:\/\/iskwew.com\/blogg\/?page_id=4499"},"modified":"2013-05-10T23:26:21","modified_gmt":"2013-05-10T21:26:21","slug":"opphavsrett","status":"publish","type":"page","link":"http:\/\/iskwew.com\/blogg\/opphavsrett\/","title":{"rendered":"Opphavsrett"},"content":{"rendered":"<div class=\"one-half first\">\n<p>All tekst p\u00e5 domenet http:\/\/iskwew.com er eiendommen til Eli Kvisvik, i tr\u00e5d med norsk lov (Lov om opphavsrett til \u00e5ndsverk) og internasjonal copyright-lov.<\/p>\n<p>Det er ikke lov \u00e5 kopiere materiale, verken tekster eller bilder, uten min eksplisitte tillatelse.<\/p>\n<p>Vennligst bruk <a href=\"http:\/\/iskwew.com\/blogg\/kontakt\/\">kontaktskjemaet<\/a> om du \u00f8nsker \u00e5 komme i kontakt med meg om bruk av tekst eller bilder.<\/p>\n<\/div>\n<div class=\"one-half\">\n<blockquote><p>\u00c5ndsverksloven:<br \/>\n\u00a72. Opphavsretten gir innen de grenser som er angitt i denne lov, enerett til \u00e5 r\u00e5de over \u00e5ndsverket ved \u00e5 fremstille eksemplar av det og ved \u00e5 gj\u00f8re det tilgjengelig for almenheten, i opprinnelig eller endret skikkelse, i oversettelse eller bearbeidelse, i annen litteratur- eller kunstart eller i annen teknikk.<br \/>\n\u00a7 3. Opphavsmannen har krav p\u00e5 \u00e5 bli navngitt slik som god skikk tilsier, s\u00e5 vel p\u00e5 eksemplar av \u00e5ndsverket som n\u00e5r det gj\u00f8res tilgjengelig for almenheten.<\/p><\/blockquote>\n<\/div>\n<p style=\"text-align: center;\"><a href=\"http:\/\/iskwew.com\/blogg\/wp-content\/uploads\/2010\/02\/iStock_000018642151XSmall.jpg\"><img decoding=\"async\" class=\"aligncenter  wp-image-6232\" alt=\"copyright symbol background\" src=\"http:\/\/iskwew.com\/blogg\/wp-content\/uploads\/2010\/02\/iStock_000018642151XSmall.jpg\" width=\"243\" height=\"242\" srcset=\"http:\/\/iskwew.com\/blogg\/wp-content\/uploads\/2010\/02\/iStock_000018642151XSmall.jpg 347w, http:\/\/iskwew.com\/blogg\/wp-content\/uploads\/2010\/02\/iStock_000018642151XSmall-125x125.jpg 125w, http:\/\/iskwew.com\/blogg\/wp-content\/uploads\/2010\/02\/iStock_000018642151XSmall-300x300.jpg 300w\" sizes=\"(max-width: 243px) 100vw, 243px\" \/><\/a><\/p>\n","protected":false},"excerpt":{"rendered":"<p>All tekst p\u00e5 domenet http:\/\/iskwew.com er eiendommen til Eli Kvisvik, i tr\u00e5d med norsk lov (Lov om opphavsrett til \u00e5ndsverk) og internasjonal copyright-lov. Det er ikke lov \u00e5 kopiere materiale, verken tekster eller bilder, uten min eksplisitte tillatelse. Vennligst bruk kontaktskjemaet om du \u00f8nsker \u00e5 komme i kontakt med meg om bruk av tekst eller [&hellip;]<\/p>\n","protected":false},"author":29,"featured_media":0,"parent":0,"menu_order":8,"comment_status":"open","ping_status":"open","template":"","meta":{"footnotes":""},"class_list":["post-4499","page","type-page","status-publish","hentry"],"_links":{"self":[{"href":"http:\/\/iskwew.com\/blogg\/wp-json\/wp\/v2\/pages\/4499","targetHints":{"allow":["GET"]}}],"collection":[{"href":"http:\/\/iskwew.com\/blogg\/wp-json\/wp\/v2\/pages"}],"about":[{"href":"http:\/\/iskwew.com\/blogg\/wp-json\/wp\/v2\/types\/page"}],"author":[{"embeddable":true,"href":"http:\/\/iskwew.com\/blogg\/wp-json\/wp\/v2\/users\/29"}],"replies":[{"embeddable":true,"href":"http:\/\/iskwew.com\/blogg\/wp-json\/wp\/v2\/comments?post=4499"}],"version-history":[{"count":0,"href":"http:\/\/iskwew.com\/blogg\/wp-json\/wp\/v2\/pages\/4499\/revisions"}],"wp:attachment":[{"href":"http:\/\/iskwew.com\/blogg\/wp-json\/wp\/v2\/media?parent=4499"}],"curies":[{"name":"wp","href":"https:\/\/api.w.org\/{rel}","templated":true}]}}